{"id":6820,"date":"2024-04-22T08:42:52","date_gmt":"2024-04-22T08:42:52","guid":{"rendered":"https:\/\/www.felicjanki.pl\/mlodym\/?page_id=6820"},"modified":"2025-04-06T13:59:24","modified_gmt":"2025-04-06T13:59:24","slug":"nie-przegap","status":"publish","type":"page","link":"https:\/\/www.felicjanki.pl\/mlodym\/nie-przegap\/","title":{"rendered":"Nie przegap!"},"content":{"rendered":"<div dir=\"auto\"><span class=\"html-span xexx8yu x4uap5 x18d9i69 xkhd6sd x1hl2dhg x16tdsg8 x1vvkbs x3nfvp2 x1j61x8r x1fcty0u xdj266r xat24cr xgzva0m xhhsvwb xxymvpz xlup9mm x1kky2od\"><img loading=\"lazy\" decoding=\"async\" class=\"xz74otr x168nmei x13lgxp2 x5pf9jr xo71vjh\" src=\"https:\/\/static.xx.fbcdn.net\/images\/emoji.php\/v9\/t39\/1\/16\/1f4e2.png\" alt=\"\ud83d\udce2\" width=\"16\" height=\"16\"><\/span>&nbsp;Zapraszamy na rekolekcje w Zakopanem!&nbsp;<span class=\"html-span xexx8yu x4uap5 x18d9i69 xkhd6sd x1hl2dhg x16tdsg8 x1vvkbs x3nfvp2 x1j61x8r x1fcty0u xdj266r xat24cr xgzva0m xhhsvwb xxymvpz xlup9mm x1kky2od\"><img loading=\"lazy\" decoding=\"async\" class=\"xz74otr x168nmei x13lgxp2 x5pf9jr xo71vjh\" src=\"https:\/\/static.xx.fbcdn.net\/images\/emoji.php\/v9\/tf7\/1\/16\/26f0.png\" alt=\"\u26f0\ufe0f\" width=\"16\" height=\"16\"><\/span><span class=\"html-span xexx8yu x4uap5 x18d9i69 xkhd6sd x1hl2dhg x16tdsg8 x1vvkbs x3nfvp2 x1j61x8r x1fcty0u xdj266r xat24cr xgzva0m xhhsvwb xxymvpz xlup9mm x1kky2od\"><img loading=\"lazy\" decoding=\"async\" class=\"xz74otr x168nmei x13lgxp2 x5pf9jr xo71vjh\" src=\"https:\/\/static.xx.fbcdn.net\/images\/emoji.php\/v9\/t80\/1\/16\/1f64f.png\" alt=\"\ud83d\ude4f\" width=\"16\" height=\"16\"><\/span><br class=\"html-br\"><br class=\"html-br\">Szukasz czasu na pog\u0142\u0119bienie swojej relacji z Jezusem? Chcesz wzrasta\u0107 duchowo na wz\u00f3r Maryi i \u015bwi\u0119tych kobiet Ko\u015bcio\u0142a? Przyjed\u017a i prze\u017cyj wyj\u0105tkowe dni w blisko\u015bci Boga!<br class=\"html-br\"><br class=\"html-br\"><span class=\"html-span xexx8yu x4uap5 x18d9i69 xkhd6sd x1hl2dhg x16tdsg8 x1vvkbs x3nfvp2 x1j61x8r x1fcty0u xdj266r xat24cr xgzva0m xhhsvwb xxymvpz xlup9mm x1kky2od\"><img loading=\"lazy\" decoding=\"async\" class=\"xz74otr x168nmei x13lgxp2 x5pf9jr xo71vjh\" src=\"https:\/\/static.xx.fbcdn.net\/images\/emoji.php\/v9\/t2d\/1\/16\/1f4cd.png\" alt=\"\ud83d\udccd\" width=\"16\" height=\"16\"><\/span>&nbsp;Gdzie? Dom zakonny Si\u00f3str Felicjanek, ul. Ko\u015bcieliska 21B, Zakopane<br class=\"html-br\"><span class=\"html-span xexx8yu x4uap5 x18d9i69 xkhd6sd x1hl2dhg x16tdsg8 x1vvkbs x3nfvp2 x1j61x8r x1fcty0u xdj266r xat24cr xgzva0m xhhsvwb xxymvpz xlup9mm x1kky2od\"><img loading=\"lazy\" decoding=\"async\" class=\"xz74otr x168nmei x13lgxp2 x5pf9jr xo71vjh\" src=\"https:\/\/static.xx.fbcdn.net\/images\/emoji.php\/v9\/t7e\/1\/16\/1f4c5.png\" alt=\"\ud83d\udcc5\" width=\"16\" height=\"16\"><\/span>&nbsp;Kiedy? 9-12 lipca<br class=\"html-br\"><span class=\"html-span xexx8yu x4uap5 x18d9i69 xkhd6sd x1hl2dhg x16tdsg8 x1vvkbs x3nfvp2 x1j61x8r x1fcty0u xdj266r xat24cr xgzva0m xhhsvwb xxymvpz xlup9mm x1kky2od\"><img loading=\"lazy\" decoding=\"async\" class=\"xz74otr x168nmei x13lgxp2 x5pf9jr xo71vjh\" src=\"https:\/\/static.xx.fbcdn.net\/images\/emoji.php\/v9\/t8f\/1\/16\/1f469.png\" alt=\"\ud83d\udc69\" width=\"16\" height=\"16\"><\/span>&nbsp;Dla kogo? M\u0142odzie\u017c \u017ce\u0144ska 16-30 lat<br class=\"html-br\"><span class=\"html-span xexx8yu x4uap5 x18d9i69 xkhd6sd x1hl2dhg x16tdsg8 x1vvkbs x3nfvp2 x1j61x8r x1fcty0u xdj266r xat24cr xgzva0m xhhsvwb xxymvpz xlup9mm x1kky2od\"><img loading=\"lazy\" decoding=\"async\" class=\"xz74otr x168nmei x13lgxp2 x5pf9jr xo71vjh\" src=\"https:\/\/static.xx.fbcdn.net\/images\/emoji.php\/v9\/t5a\/1\/16\/1f4b0.png\" alt=\"\ud83d\udcb0\" width=\"16\" height=\"16\"><\/span>&nbsp;Koszt? 350 z\u0142<br class=\"html-br\"><span class=\"html-span xexx8yu x4uap5 x18d9i69 xkhd6sd x1hl2dhg x16tdsg8 x1vvkbs x3nfvp2 x1j61x8r x1fcty0u xdj266r xat24cr xgzva0m xhhsvwb xxymvpz xlup9mm x1kky2od\"><img loading=\"lazy\" decoding=\"async\" class=\"xz74otr x168nmei x13lgxp2 x5pf9jr xo71vjh\" src=\"https:\/\/static.xx.fbcdn.net\/images\/emoji.php\/v9\/t8b\/1\/16\/1f465.png\" alt=\"\ud83d\udc65\" width=\"16\" height=\"16\"><\/span>&nbsp;Prowadz\u0105cy: ks. Sebastian Lig\u0119ska i Siostry Felicjanki<br class=\"html-br\"><br class=\"html-br\"><span class=\"html-span xexx8yu x4uap5 x18d9i69 xkhd6sd x1hl2dhg x16tdsg8 x1vvkbs x3nfvp2 x1j61x8r x1fcty0u xdj266r xat24cr xgzva0m xhhsvwb xxymvpz xlup9mm x1kky2od\"><img loading=\"lazy\" decoding=\"async\" class=\"xz74otr x168nmei x13lgxp2 x5pf9jr xo71vjh\" src=\"https:\/\/static.xx.fbcdn.net\/images\/emoji.php\/v9\/tcc\/1\/16\/1f4dd.png\" alt=\"\ud83d\udcdd\" width=\"16\" height=\"16\"><\/span> Zg\u0142oszenia do 30 czerwca!<br class=\"html-br\"><br class=\"html-br\">Wi\u0119cej informacji:<br class=\"html-br\"><span class=\"html-span xexx8yu x4uap5 x18d9i69 xkhd6sd x1hl2dhg x16tdsg8 x1vvkbs x3nfvp2 x1j61x8r x1fcty0u xdj266r xat24cr xgzva0m xhhsvwb xxymvpz xlup9mm x1kky2od\"><img loading=\"lazy\" decoding=\"async\" class=\"xz74otr x168nmei x13lgxp2 x5pf9jr xo71vjh\" src=\"https:\/\/static.xx.fbcdn.net\/images\/emoji.php\/v9\/t4d\/1\/16\/1f4de.png\" alt=\"\ud83d\udcde\" width=\"16\" height=\"16\"><\/span>&nbsp;+48 572 489 236<br class=\"html-br\"><span class=\"html-span xexx8yu x4uap5 x18d9i69 xkhd6sd x1hl2dhg x16tdsg8 x1vvkbs x3nfvp2 x1j61x8r x1fcty0u xdj266r xat24cr xgzva0m xhhsvwb xxymvpz xlup9mm x1kky2od\"><img loading=\"lazy\" decoding=\"async\" class=\"xz74otr x168nmei x13lgxp2 x5pf9jr xo71vjh\" src=\"https:\/\/static.xx.fbcdn.net\/images\/emoji.php\/v9\/tc0\/1\/16\/1f4e9.png\" alt=\"\ud83d\udce9\" width=\"16\" height=\"16\"><\/span>&nbsp;@SiostryFelicjanki<br class=\"html-br\"><span class=\"html-span xexx8yu x4uap5 x18d9i69 xkhd6sd x1hl2dhg x16tdsg8 x1vvkbs x3nfvp2 x1j61x8r x1fcty0u xdj266r xat24cr xgzva0m xhhsvwb xxymvpz xlup9mm x1kky2od\"><img loading=\"lazy\" decoding=\"async\" class=\"xz74otr x168nmei x13lgxp2 x5pf9jr xo71vjh\" src=\"https:\/\/static.xx.fbcdn.net\/images\/emoji.php\/v9\/tde\/1\/16\/1f4f8.png\" alt=\"\ud83d\udcf8\" width=\"16\" height=\"16\"><\/span>&nbsp;@siostry_felicjanki_krak\u00f3w<br class=\"html-br\"><br class=\"html-br\">Nie zwlekaj! To mo\u017ce by\u0107 czas, kt\u00f3ry odmieni Twoje serce&nbsp;<span class=\"html-span xexx8yu x4uap5 x18d9i69 xkhd6sd x1hl2dhg x16tdsg8 x1vvkbs x3nfvp2 x1j61x8r x1fcty0u xdj266r xat24cr xgzva0m xhhsvwb xxymvpz xlup9mm x1kky2od\"><img loading=\"lazy\" decoding=\"async\" class=\"xz74otr x168nmei x13lgxp2 x5pf9jr xo71vjh\" src=\"https:\/\/static.xx.fbcdn.net\/images\/emoji.php\/v9\/t6c\/1\/16\/2764.png\" alt=\"\u2764\ufe0f\" width=\"16\" height=\"16\"><\/span><span class=\"html-span xexx8yu x4uap5 x18d9i69 xkhd6sd x1hl2dhg x16tdsg8 x1vvkbs x3nfvp2 x1j61x8r x1fcty0u xdj266r xat24cr xgzva0m xhhsvwb xxymvpz xlup9mm x1kky2od\"><img loading=\"lazy\" decoding=\"async\" class=\"xz74otr x168nmei x13lgxp2 x5pf9jr xo71vjh\" src=\"https:\/\/static.xx.fbcdn.net\/images\/emoji.php\/v9\/tf4\/1\/16\/2728.png\" alt=\"\u2728\" width=\"16\" height=\"16\"><\/span><\/div>\n<p><a href=\"https:\/\/docs.google.com\/forms\/d\/1EGdrXDJG8dKorwiCA6QfKwuVfCtxs1Nc83h-PymL9aU\/viewform?edit_requested=true\">Formularz zg\u0142oszenia<\/a><\/p>\n<p><img loading=\"lazy\" decoding=\"async\" class=\"aligncenter wp-image-6909 size-full\" title=\"Otw\u00f3rz\" src=\"http:\/\/www.felicjanki.pl\/mlodym\/wp-content\/uploads\/2025\/04\/zakop.jpg\" alt=\"\" width=\"1080\" height=\"1350\" srcset=\"https:\/\/www.felicjanki.pl\/mlodym\/wp-content\/uploads\/2025\/04\/zakop.jpg 1080w, https:\/\/www.felicjanki.pl\/mlodym\/wp-content\/uploads\/2025\/04\/zakop-240x300.jpg 240w, https:\/\/www.felicjanki.pl\/mlodym\/wp-content\/uploads\/2025\/04\/zakop-819x1024.jpg 819w\" sizes=\"auto, (max-width: 1080px) 100vw, 1080px\" \/><\/p>\n<p><a href=\"http:\/\/www.felicjanki.pl\/mlodym\/garsc-informacji\/\">Gar\u015b\u0107 przydatnych informacji<\/a><\/p>\n","protected":false},"excerpt":{"rendered":"<p>&nbsp;Zapraszamy na rekolekcje w Zakopanem!&nbsp;Szukasz czasu na pog\u0142\u0119bienie swojej relacji z Jezusem? Chcesz wzrasta\u0107 duchowo na wz\u00f3r Maryi i \u015bwi\u0119tych kobiet Ko\u015bcio\u0142a? Przyjed\u017a i prze\u017cyj wyj\u0105tkowe dni w blisko\u015bci Boga!&nbsp;Gdzie? Dom zakonny Si\u00f3str Felicjanek, ul. Ko\u015bcieliska 21B, Zakopane&nbsp;Kiedy? 9-12 lipca&nbsp;Dla kogo? M\u0142odzie\u017c \u017ce\u0144ska 16-30 lat&nbsp;Koszt? 350 z\u0142&nbsp;Prowadz\u0105cy: ks. Sebastian Lig\u0119ska i Siostry Felicjanki Zg\u0142oszenia do &#8230; <span class=\"more\"><a class=\"more-link\" href=\"https:\/\/www.felicjanki.pl\/mlodym\/nie-przegap\/\">[Read more&#8230;]<\/a><\/span><\/p>\n","protected":false},"author":1,"featured_media":0,"parent":0,"menu_order":0,"comment_status":"closed","ping_status":"closed","template":"page-full-width.php","meta":{"ngg_post_thumbnail":0,"jetpack_post_was_ever_published":false,"footnotes":""},"class_list":["entry","page","publish","author-admin","post-6820"],"jetpack_sharing_enabled":true,"jetpack_shortlink":"https:\/\/wp.me\/P7RGrf-1M0","_links":{"self":[{"href":"https:\/\/www.felicjanki.pl\/mlodym\/wp-json\/wp\/v2\/pages\/6820","targetHints":{"allow":["GET"]}}],"collection":[{"href":"https:\/\/www.felicjanki.pl\/mlodym\/wp-json\/wp\/v2\/pages"}],"about":[{"href":"https:\/\/www.felicjanki.pl\/mlodym\/wp-json\/wp\/v2\/types\/page"}],"author":[{"embeddable":true,"href":"https:\/\/www.felicjanki.pl\/mlodym\/wp-json\/wp\/v2\/users\/1"}],"replies":[{"embeddable":true,"href":"https:\/\/www.felicjanki.pl\/mlodym\/wp-json\/wp\/v2\/comments?post=6820"}],"version-history":[{"count":14,"href":"https:\/\/www.felicjanki.pl\/mlodym\/wp-json\/wp\/v2\/pages\/6820\/revisions"}],"predecessor-version":[{"id":6911,"href":"https:\/\/www.felicjanki.pl\/mlodym\/wp-json\/wp\/v2\/pages\/6820\/revisions\/6911"}],"wp:attachment":[{"href":"https:\/\/www.felicjanki.pl\/mlodym\/wp-json\/wp\/v2\/media?parent=6820"}],"curies":[{"name":"wp","href":"https:\/\/api.w.org\/{rel}","templated":true}]}}