{"id":6499,"date":"2021-02-04T21:28:30","date_gmt":"2021-02-04T21:28:30","guid":{"rendered":"http:\/\/www.felicjanki.pl\/mlodym\/?page_id=6499"},"modified":"2025-11-30T18:36:29","modified_gmt":"2025-11-30T18:36:29","slug":"dzien-skupienia","status":"publish","type":"page","link":"https:\/\/www.felicjanki.pl\/mlodym\/dzien-skupienia\/","title":{"rendered":"# dzie\u0144 skupienia"},"content":{"rendered":"<p><img loading=\"lazy\" decoding=\"async\" class=\"wp-image-6815 alignleft\" src=\"http:\/\/www.felicjanki.pl\/mlodym\/wp-content\/uploads\/2024\/04\/dzien-skupienia-2-724x1024-1.jpg\" alt=\"\" width=\"304\" height=\"181\" srcset=\"https:\/\/www.felicjanki.pl\/mlodym\/wp-content\/uploads\/2024\/04\/dzien-skupienia-2-724x1024-1.jpg 724w, https:\/\/www.felicjanki.pl\/mlodym\/wp-content\/uploads\/2024\/04\/dzien-skupienia-2-724x1024-1-300x178.jpg 300w\" sizes=\"auto, (max-width: 304px) 100vw, 304px\" \/><\/p>\n<p>Ten<strong> czas indywidualnego dnia skupienia<\/strong> zaadresowany jest do ka\u017cdej z Was, kt\u00f3ra szuka miejsca &#8222;pustyni&#8221; i ciszy, by m\u00f3c by\u0107 z Bogiem, przed Nim i w Nim&#8230;<\/p>\n<p>Je\u017celi chcia\u0142aby\u015b na chwil\u0119 odej\u015b\u0107 od codziennych zaj\u0119\u0107 i zabiegania, a poby\u0107 troch\u0119 w samotno\u015bci, zapraszamy do sp\u0119dzenia jednego dnia w naszych wsp\u00f3lnotach w Krakowie, Cz\u0119stochowie, Rzeszowie, Zakopanem lub w Gorlicach.<\/p>\n<hr>\n<div class=\"xdj266r x14z9mp xat24cr x1lziwak x1vvkbs x126k92a\">\n<div dir=\"auto\"><span class=\"html-span xexx8yu xyri2b x18d9i69 x1c1uobl x1hl2dhg x16tdsg8 x1vvkbs x3nfvp2 x1j61x8r x1fcty0u xdj266r xat24cr xm2jcoa x1mpyi22 xxymvpz xlup9mm x1kky2od\"><img loading=\"lazy\" decoding=\"async\" class=\"xz74otr x15mokao x1ga7v0g x16uus16 xbiv7yw\" src=\"https:\/\/static.xx.fbcdn.net\/images\/emoji.php\/v9\/t72\/1\/16\/1f538.png\" alt=\"\ud83d\udd38\" width=\"16\" height=\"16\"><\/span>Czasami wystarczy chwila ciszy, by us\u0142ysze\u0107 najwi\u0119cej\u2026<\/div>\n<\/div>\n<div class=\"x14z9mp xat24cr x1lziwak x1vvkbs xtlvy1s x126k92a\">\n<div dir=\"auto\"><span class=\"html-span xexx8yu xyri2b x18d9i69 x1c1uobl x1hl2dhg x16tdsg8 x1vvkbs x3nfvp2 x1j61x8r x1fcty0u xdj266r xat24cr xm2jcoa x1mpyi22 xxymvpz xlup9mm x1kky2od\"><img loading=\"lazy\" decoding=\"async\" class=\"xz74otr x15mokao x1ga7v0g x16uus16 xbiv7yw\" src=\"https:\/\/static.xx.fbcdn.net\/images\/emoji.php\/v9\/t72\/1\/16\/1f538.png\" alt=\"\ud83d\udd38\" width=\"16\" height=\"16\"><\/span>Zapraszamy osoby poszukuj\u0105ce g\u0142\u0119bszej relacji z Bogiem na Dni Skupienia w ciszy.<\/div>\n<div dir=\"auto\">On czeka.<\/div>\n<\/div>\n<div class=\"x14z9mp xat24cr x1lziwak x1vvkbs xtlvy1s x126k92a\">\n<div dir=\"auto\"><span class=\"html-span xexx8yu xyri2b x18d9i69 x1c1uobl x1hl2dhg x16tdsg8 x1vvkbs x3nfvp2 x1j61x8r x1fcty0u xdj266r xat24cr xm2jcoa x1mpyi22 xxymvpz xlup9mm x1kky2od\"><img loading=\"lazy\" decoding=\"async\" class=\"xz74otr x15mokao x1ga7v0g x16uus16 xbiv7yw\" src=\"https:\/\/static.xx.fbcdn.net\/images\/emoji.php\/v9\/tc0\/1\/16\/1f4e9.png\" alt=\"\ud83d\udce9\" width=\"16\" height=\"16\"><\/span> Zapisy i informacje: smstella.p@gmail.com<\/div>\n<div dir=\"auto\"><img loading=\"lazy\" decoding=\"async\" class=\"aligncenter size-full wp-image-6918\" src=\"http:\/\/www.felicjanki.pl\/mlodym\/wp-content\/uploads\/2025\/11\/PHOTO-2025-11-29-09-58-59.jpg\" alt=\"\" width=\"1250\" height=\"1563\" srcset=\"https:\/\/www.felicjanki.pl\/mlodym\/wp-content\/uploads\/2025\/11\/PHOTO-2025-11-29-09-58-59.jpg 1250w, https:\/\/www.felicjanki.pl\/mlodym\/wp-content\/uploads\/2025\/11\/PHOTO-2025-11-29-09-58-59-240x300.jpg 240w, https:\/\/www.felicjanki.pl\/mlodym\/wp-content\/uploads\/2025\/11\/PHOTO-2025-11-29-09-58-59-819x1024.jpg 819w, https:\/\/www.felicjanki.pl\/mlodym\/wp-content\/uploads\/2025\/11\/PHOTO-2025-11-29-09-58-59-1228x1536.jpg 1228w\" sizes=\"auto, (max-width: 1250px) 100vw, 1250px\" \/><\/div>\n<\/div>\n<hr>\n<p><a href=\"https:\/\/www.felicjanki.pl\/mlodym\/wp-content\/uploads\/2021\/03\/Formularz-uczestnictwa.pdf\">Formularz uczestnictwa w rekolekcjach\/dniach skupienia dla dziewcz\u0105t i kobiet<\/a><\/p>\n<p><a href=\"http:\/\/www.felicjanki.pl\/mlodym\/wp-content\/uploads\/2021\/02\/Zgoda-rodzicow.pdf\">Zgoda rodzic\u00f3w \u2013 je\u015bli nie masz 18 lat (rekolekcje\/dni skupienia dla dziewcz\u0105t)<\/a><\/p>\n<p><a href=\"http:\/\/www.felicjanki.pl\/mlodym\/wp-content\/uploads\/2024\/04\/Zgoda-na-publikacje-wizerunku-i-klauzula-informacyjna.pdf\">Zgoda na publikacj\u0119 wizerunku i klauzula informacyjna<\/a><\/p>\n","protected":false},"excerpt":{"rendered":"<p>Ten czas indywidualnego dnia skupienia zaadresowany jest do ka\u017cdej z Was, kt\u00f3ra szuka miejsca &#8222;pustyni&#8221; i ciszy, by m\u00f3c by\u0107 z Bogiem, przed Nim i w Nim&#8230; Je\u017celi chcia\u0142aby\u015b na chwil\u0119 odej\u015b\u0107 od codziennych zaj\u0119\u0107 i zabiegania, a poby\u0107 troch\u0119 w samotno\u015bci, zapraszamy do sp\u0119dzenia jednego dnia w naszych wsp\u00f3lnotach w Krakowie, Cz\u0119stochowie, Rzeszowie, Zakopanem &#8230; <span class=\"more\"><a class=\"more-link\" href=\"https:\/\/www.felicjanki.pl\/mlodym\/dzien-skupienia\/\">[Read more&#8230;]<\/a><\/span><\/p>\n","protected":false},"author":1,"featured_media":0,"parent":0,"menu_order":0,"comment_status":"closed","ping_status":"closed","template":"page-full-width.php","meta":{"ngg_post_thumbnail":0,"jetpack_post_was_ever_published":false,"footnotes":""},"class_list":["entry","page","publish","author-admin","post-6499"],"jetpack_sharing_enabled":true,"jetpack_shortlink":"https:\/\/wp.me\/P7RGrf-1GP","_links":{"self":[{"href":"https:\/\/www.felicjanki.pl\/mlodym\/wp-json\/wp\/v2\/pages\/6499","targetHints":{"allow":["GET"]}}],"collection":[{"href":"https:\/\/www.felicjanki.pl\/mlodym\/wp-json\/wp\/v2\/pages"}],"about":[{"href":"https:\/\/www.felicjanki.pl\/mlodym\/wp-json\/wp\/v2\/types\/page"}],"author":[{"embeddable":true,"href":"https:\/\/www.felicjanki.pl\/mlodym\/wp-json\/wp\/v2\/users\/1"}],"replies":[{"embeddable":true,"href":"https:\/\/www.felicjanki.pl\/mlodym\/wp-json\/wp\/v2\/comments?post=6499"}],"version-history":[{"count":23,"href":"https:\/\/www.felicjanki.pl\/mlodym\/wp-json\/wp\/v2\/pages\/6499\/revisions"}],"predecessor-version":[{"id":6919,"href":"https:\/\/www.felicjanki.pl\/mlodym\/wp-json\/wp\/v2\/pages\/6499\/revisions\/6919"}],"wp:attachment":[{"href":"https:\/\/www.felicjanki.pl\/mlodym\/wp-json\/wp\/v2\/media?parent=6499"}],"curies":[{"name":"wp","href":"https:\/\/api.w.org\/{rel}","templated":true}]}}