{"id":6469,"date":"2021-01-22T22:48:01","date_gmt":"2021-01-22T22:48:01","guid":{"rendered":"http:\/\/www.felicjanki.pl\/mlodym\/?page_id=6469"},"modified":"2024-11-25T10:46:33","modified_gmt":"2024-11-25T10:46:33","slug":"comesee","status":"publish","type":"page","link":"https:\/\/www.felicjanki.pl\/mlodym\/comesee\/","title":{"rendered":"# come&#038;see"},"content":{"rendered":"<p style=\"text-align: center;\">Rozeznajesz swoj\u0105 drog\u0119 \u017cycia, ale my\u015bl\u0105c o formie \u017cycia zakonnego nie wiesz \u201ejak to jest\u201d, jak ono wygl\u0105da?<br \/>\nZapraszamy: <span style=\"color: #339966;\"><strong>Przyjd\u017a i zobacz!<\/strong><\/span><\/p>\n<p><img loading=\"lazy\" decoding=\"async\" class=\"aligncenter wp-image-6521 \" src=\"http:\/\/www.felicjanki.pl\/mlodym\/wp-content\/uploads\/2021\/02\/comesee-bez-adresu-1728x2048.jpg\" alt=\"\" width=\"432\" height=\"512\" srcset=\"https:\/\/www.felicjanki.pl\/mlodym\/wp-content\/uploads\/2021\/02\/comesee-bez-adresu-1728x2048.jpg 1728w, https:\/\/www.felicjanki.pl\/mlodym\/wp-content\/uploads\/2021\/02\/comesee-bez-adresu-253x300.jpg 253w, https:\/\/www.felicjanki.pl\/mlodym\/wp-content\/uploads\/2021\/02\/comesee-bez-adresu-864x1024.jpg 864w, https:\/\/www.felicjanki.pl\/mlodym\/wp-content\/uploads\/2021\/02\/comesee-bez-adresu-1296x1536.jpg 1296w\" sizes=\"auto, (max-width: 432px) 100vw, 432px\" \/><\/p>\n<p>Serdecznie zapraszamy te z Was, kt\u00f3re chcia\u0142yby\u015bcie spotka\u0107 si\u0119 z nami we wsp\u00f3lnocie, uczestnicz\u0105c w naszej siostrzanej codzienno\u015bci, w modlitwie wsp\u00f3lnotowej, prostocie \u017cycia felicja\u0144skiego i w pos\u0142ugach, kt\u00f3re pe\u0142nimy.<\/p>\n<p>W zwyczajno\u015bci ka\u017cdego dnia mi\u0142o\u015b\u0107 wzrasta, oczyszcza si\u0119 i uszlachetnia\u2026<\/p>\n<p>Spotkanie <strong><span style=\"color: #339966;\">#come&amp;see<\/span><\/strong> trwa tydzie\u0144: od niedzieli do niedzieli w naszym krakowskim klasztorze. To czas, w kt\u00f3rym mo\u017cesz w\u0142\u0105czy\u0107 si\u0119 w nasz rytm \u017cycia i zakosztowa\u0107 franciszka\u0144skiego \u201esmaku\u201d \u017cycia w felicja\u0144skiej wsp\u00f3lnocie \ud83d\ude42<\/p>\n<p>Je\u017celi uko\u0144czy\u0142a\u015b 18 lat, spotka\u0142a\u015b si\u0119 z nami ju\u017c wcze\u015bniej podczas <strong>#weekend z Bibli\u0105 w r\u0119ku<\/strong> lub prze\u017cy\u0142a\u015b u nas <strong>#rekolekcje<\/strong> i jeste\u015b zainteresowana franciszka\u0144skim stylem \u017cycia we wsp\u00f3lnocie felicja\u0144skiej: <span style=\"color: #339966;\"><strong>#come&amp;see&nbsp;<\/strong><span style=\"color: #000000;\">!<\/span><\/span><\/p>\n<hr>\n<p><strong>Kontakt:<\/strong><\/p>\n<p><img loading=\"lazy\" decoding=\"async\" class=\"wp-image-6666 alignright\" src=\"http:\/\/www.felicjanki.pl\/mlodym\/wp-content\/uploads\/2021\/11\/logo-prowincji-czarne-bez-tla-poprawka-1-1024x309.png\" alt=\"\" width=\"398\" height=\"120\" srcset=\"https:\/\/www.felicjanki.pl\/mlodym\/wp-content\/uploads\/2021\/11\/logo-prowincji-czarne-bez-tla-poprawka-1-1024x309.png 1024w, https:\/\/www.felicjanki.pl\/mlodym\/wp-content\/uploads\/2021\/11\/logo-prowincji-czarne-bez-tla-poprawka-1-300x91.png 300w, https:\/\/www.felicjanki.pl\/mlodym\/wp-content\/uploads\/2021\/11\/logo-prowincji-czarne-bez-tla-poprawka-1-1536x463.png 1536w, https:\/\/www.felicjanki.pl\/mlodym\/wp-content\/uploads\/2021\/11\/logo-prowincji-czarne-bez-tla-poprawka-1-2048x618.png 2048w\" sizes=\"auto, (max-width: 398px) 100vw, 398px\" \/><\/p>\n<p>&nbsp;<\/p>\n<p>s. Bonawentura<br \/>\nul. Smole\u0144sk 6<br \/>\n31-107 Krak\u00f3w<br \/>\ntel. 572 489 236<a href=\"mailto:felicjanka.pro@gmail.com\"><br \/>\nfelicjanka.pro@gmail.com<\/a><\/p>\n","protected":false},"excerpt":{"rendered":"<p>Rozeznajesz swoj\u0105 drog\u0119 \u017cycia, ale my\u015bl\u0105c o formie \u017cycia zakonnego nie wiesz \u201ejak to jest\u201d, jak ono wygl\u0105da? Zapraszamy: Przyjd\u017a i zobacz! Serdecznie zapraszamy te z Was, kt\u00f3re chcia\u0142yby\u015bcie spotka\u0107 si\u0119 z nami we wsp\u00f3lnocie, uczestnicz\u0105c w naszej siostrzanej codzienno\u015bci, w modlitwie wsp\u00f3lnotowej, prostocie \u017cycia felicja\u0144skiego i w pos\u0142ugach, kt\u00f3re pe\u0142nimy. W zwyczajno\u015bci ka\u017cdego dnia &#8230; <span class=\"more\"><a class=\"more-link\" href=\"https:\/\/www.felicjanki.pl\/mlodym\/comesee\/\">[Read more&#8230;]<\/a><\/span><\/p>\n","protected":false},"author":1,"featured_media":0,"parent":0,"menu_order":0,"comment_status":"closed","ping_status":"closed","template":"page-full-width.php","meta":{"ngg_post_thumbnail":0,"jetpack_post_was_ever_published":false,"footnotes":""},"class_list":["entry","page","publish","author-admin","post-6469"],"jetpack_sharing_enabled":true,"jetpack_shortlink":"https:\/\/wp.me\/P7RGrf-1Gl","_links":{"self":[{"href":"https:\/\/www.felicjanki.pl\/mlodym\/wp-json\/wp\/v2\/pages\/6469","targetHints":{"allow":["GET"]}}],"collection":[{"href":"https:\/\/www.felicjanki.pl\/mlodym\/wp-json\/wp\/v2\/pages"}],"about":[{"href":"https:\/\/www.felicjanki.pl\/mlodym\/wp-json\/wp\/v2\/types\/page"}],"author":[{"embeddable":true,"href":"https:\/\/www.felicjanki.pl\/mlodym\/wp-json\/wp\/v2\/users\/1"}],"replies":[{"embeddable":true,"href":"https:\/\/www.felicjanki.pl\/mlodym\/wp-json\/wp\/v2\/comments?post=6469"}],"version-history":[{"count":14,"href":"https:\/\/www.felicjanki.pl\/mlodym\/wp-json\/wp\/v2\/pages\/6469\/revisions"}],"predecessor-version":[{"id":6902,"href":"https:\/\/www.felicjanki.pl\/mlodym\/wp-json\/wp\/v2\/pages\/6469\/revisions\/6902"}],"wp:attachment":[{"href":"https:\/\/www.felicjanki.pl\/mlodym\/wp-json\/wp\/v2\/media?parent=6469"}],"curies":[{"name":"wp","href":"https:\/\/api.w.org\/{rel}","templated":true}]}}